{"id":3659,"date":"2024-04-29T12:55:52","date_gmt":"2024-04-29T12:55:52","guid":{"rendered":"https:\/\/brookhillprimary.edu.rs\/?page_id=3659"},"modified":"2024-05-07T07:40:28","modified_gmt":"2024-05-07T07:40:28","slug":"brook-hill-prolecni-humanitarni-bazar","status":"publish","type":"page","link":"https:\/\/brookhillprimary.edu.rs\/sr\/brook-hill-prolecni-humanitarni-bazar\/","title":{"rendered":"Brook Hill prole\u0107ni humanitarni bazar"},"content":{"rendered":"<div style=\"padding-right: 20%;\">\n\n\n<p>Na\u0161a misija je da decu od najranijih godina u\u010dimo pravim vrednostima kao \u0161to su darivanje i pomaganje onima kojima je pomo\u0107 najpotrebnija.<\/p>\n\n\n\n<p>Svake godine tradicionalno Brook Hill internacionalna \u0161kola organizuje prole\u0107ni humanitarni bazar, kada prikupljamo sredstva za najmla\u0111e \u2013 decu.<\/p>\n\n\n\n<figure class=\"wp-block-image size-large\"><img decoding=\"async\" width=\"1024\" height=\"768\" src=\"https:\/\/brookhillprimary.edu.rs\/wp-content\/uploads\/2024\/04\/SLIKE-ZA-SAJT-37-1024x768.png\" alt=\"\" class=\"wp-image-3636\" srcset=\"https:\/\/brookhillprimary.edu.rs\/wp-content\/uploads\/2024\/04\/SLIKE-ZA-SAJT-37-1024x768.png 1024w, https:\/\/brookhillprimary.edu.rs\/wp-content\/uploads\/2024\/04\/SLIKE-ZA-SAJT-37-300x225.png 300w, https:\/\/brookhillprimary.edu.rs\/wp-content\/uploads\/2024\/04\/SLIKE-ZA-SAJT-37-768x576.png 768w, https:\/\/brookhillprimary.edu.rs\/wp-content\/uploads\/2024\/04\/SLIKE-ZA-SAJT-37-20x15.png 20w, https:\/\/brookhillprimary.edu.rs\/wp-content\/uploads\/2024\/04\/SLIKE-ZA-SAJT-37.png 1200w\" sizes=\"(max-width: 1024px) 100vw, 1024px\" \/><\/figure>\n\n\n\n<p>Prole\u0107ni humanitarni bazar \u0107e se odr\u017eati <strong>25.05.2024.<\/strong> istovremeno u na\u0161e sve tri ustanove: vrti\u0107u, osnovoj \u0161koli i srednjoj \u0161koli. U osnovnoj i srednjoj \u0161koli \u0107e se odr\u017eati sa po\u010detkom od <strong>11h do 14h<\/strong> &nbsp;na adresi <strong>Cara Iraklija 3 i 6<\/strong>. U vrti\u0107u, prole\u0107ni humanitarni bazar \u0107e po\u010deti od <strong>11h<\/strong> i traja\u0107e do <strong>13h<\/strong> na adresi <strong>Ka\u010dani\u010dka 4<\/strong>. Rezervi\u0161ite ovaj datum, \u010dekamo vas!<\/p>\n\n\n\n<p>Pridru\u017eite nam se, svako u\u010de\u0161\u0107e ili donacija je korak koji \u0107e decu kojoj je to najpotrebnije usre\u0107iti.<\/p>\n\n\n\n<p><strong>Mo\u017eete donirati putem slede\u0107ih linkova:<\/strong><\/p>\n\n\n\n<p>Donacije za osnovnu i srednju \u0161kolu mo\u017eete prona\u0107i <strong> <a href=\"https:\/\/forms.gle\/nR8t5h7xD7f9TSTu7\" data-type=\"link\" data-id=\"https:\/\/docs.google.com\/forms\/d\/1csuapRlSSbM9zUXf_iZDftX-_MAjSM85VofILGFqaEk\/edit?ts=662757a4\" target=\"_blank\" rel=\"noopener\">ovde<\/a> <\/strong>.<\/p>\n\n\n\n<p>Donacije za vrti\u0107 \u2013 kliknite<strong> <a href=\"https:\/\/forms.gle\/ehSxzLaarwNXNk9j8\" data-type=\"link\" data-id=\"https:\/\/docs.google.com\/forms\/d\/1Dz-A3KuR3fz8K1KYdsJw8xxDP8TL45qtU43b3Lva8c0\/edit?ts=66275791\" target=\"_blank\" rel=\"noopener\">ovde<\/a><\/strong>.<\/p>\n\n\n\n<figure class=\"wp-block-image size-large\"><img decoding=\"async\" width=\"1024\" height=\"768\" src=\"https:\/\/brookhillprimary.edu.rs\/wp-content\/uploads\/2024\/04\/SLIKE-ZA-SAJT-39-1024x768.png\" alt=\"\" class=\"wp-image-3638\" srcset=\"https:\/\/brookhillprimary.edu.rs\/wp-content\/uploads\/2024\/04\/SLIKE-ZA-SAJT-39-1024x768.png 1024w, https:\/\/brookhillprimary.edu.rs\/wp-content\/uploads\/2024\/04\/SLIKE-ZA-SAJT-39-300x225.png 300w, https:\/\/brookhillprimary.edu.rs\/wp-content\/uploads\/2024\/04\/SLIKE-ZA-SAJT-39-768x576.png 768w, https:\/\/brookhillprimary.edu.rs\/wp-content\/uploads\/2024\/04\/SLIKE-ZA-SAJT-39-20x15.png 20w, https:\/\/brookhillprimary.edu.rs\/wp-content\/uploads\/2024\/04\/SLIKE-ZA-SAJT-39.png 1200w\" sizes=\"(max-width: 1024px) 100vw, 1024px\" \/><\/figure>\n\n\n\n<p>Ove godine, prikupljena sredstva od prole\u0107nog humanitarnog bazara bi\u0107e donirana humanitarnoj organizaciji ,,<strong>Radost deci<\/strong>\u2019\u2019. ,,Radost deci\u2019\u2019 je humanitarna organizacija koja je osnovana 2014. godine, i svojim aktivnostima nastoji da pobolj\u0161a i unapredi polo\u017eaj dece i mladih sa smetnjama u intelektualnom razvoju.<\/p>\n\n\n\n<figure class=\"wp-block-image size-large\"><img decoding=\"async\" width=\"1024\" height=\"768\" src=\"https:\/\/brookhillprimary.edu.rs\/wp-content\/uploads\/2024\/04\/SLIKE-ZA-SAJT-38-1024x768.png\" alt=\"\" class=\"wp-image-3640\" srcset=\"https:\/\/brookhillprimary.edu.rs\/wp-content\/uploads\/2024\/04\/SLIKE-ZA-SAJT-38-1024x768.png 1024w, https:\/\/brookhillprimary.edu.rs\/wp-content\/uploads\/2024\/04\/SLIKE-ZA-SAJT-38-300x225.png 300w, https:\/\/brookhillprimary.edu.rs\/wp-content\/uploads\/2024\/04\/SLIKE-ZA-SAJT-38-768x576.png 768w, https:\/\/brookhillprimary.edu.rs\/wp-content\/uploads\/2024\/04\/SLIKE-ZA-SAJT-38-20x15.png 20w, https:\/\/brookhillprimary.edu.rs\/wp-content\/uploads\/2024\/04\/SLIKE-ZA-SAJT-38.png 1200w\" sizes=\"(max-width: 1024px) 100vw, 1024px\" \/><\/figure>\n\n\n\n<p>Na prole\u0107nom humanitarnom bazaru \u0107e biti raznih zanimljivih aktivnosti kao \u0161to su: ukusna hrana, razna hladna osve\u017eenja kao i zanimljive igre za decu.&nbsp;<\/p>\n\n\n\n<p>Nadamo se da \u0107emo ove godine sakupiti vi\u0161e sredstava nego prethodnih godina i doneti osmeh na lice deci kojoj je to najpotrebnije.<\/p>\n\n\n\n<p><strong>Udru\u017eeni mo\u017eemo sve!<\/strong><\/p>\n\n\n<\/div>","protected":false},"excerpt":{"rendered":"<p>Na\u0161a misija je da decu od najranijih godina u\u010dimo pravim vrednostima kao \u0161to su darivanje i pomaganje onima kojima je pomo\u0107 najpotrebnija. Svake godine tradicionalno Brook Hill internacionalna \u0161kola organizuje prole\u0107ni humanitarni bazar, kada prikupljamo sredstva za najmla\u0111e \u2013 decu. Prole\u0107ni humanitarni bazar \u0107e se odr\u017eati 25.05.2024. istovremeno u na\u0161e sve tri ustanove: vrti\u0107u, osnovoj [&hellip;]<\/p>\n","protected":false},"author":6,"featured_media":3634,"parent":0,"menu_order":15,"comment_status":"closed","ping_status":"closed","template":"tmp-covid19.php","meta":{"footnotes":""},"class_list":["post-3659","page","type-page","status-publish","has-post-thumbnail","hentry"],"_links":{"self":[{"href":"https:\/\/brookhillprimary.edu.rs\/sr\/wp-json\/wp\/v2\/pages\/3659","targetHints":{"allow":["GET"]}}],"collection":[{"href":"https:\/\/brookhillprimary.edu.rs\/sr\/wp-json\/wp\/v2\/pages"}],"about":[{"href":"https:\/\/brookhillprimary.edu.rs\/sr\/wp-json\/wp\/v2\/types\/page"}],"author":[{"embeddable":true,"href":"https:\/\/brookhillprimary.edu.rs\/sr\/wp-json\/wp\/v2\/users\/6"}],"replies":[{"embeddable":true,"href":"https:\/\/brookhillprimary.edu.rs\/sr\/wp-json\/wp\/v2\/comments?post=3659"}],"version-history":[{"count":5,"href":"https:\/\/brookhillprimary.edu.rs\/sr\/wp-json\/wp\/v2\/pages\/3659\/revisions"}],"predecessor-version":[{"id":3675,"href":"https:\/\/brookhillprimary.edu.rs\/sr\/wp-json\/wp\/v2\/pages\/3659\/revisions\/3675"}],"wp:featuredmedia":[{"embeddable":true,"href":"https:\/\/brookhillprimary.edu.rs\/sr\/wp-json\/wp\/v2\/media\/3634"}],"wp:attachment":[{"href":"https:\/\/brookhillprimary.edu.rs\/sr\/wp-json\/wp\/v2\/media?parent=3659"}],"curies":[{"name":"wp","href":"https:\/\/api.w.org\/{rel}","templated":true}]}}